{"id":424,"date":"2022-07-18T15:09:28","date_gmt":"2022-07-18T13:09:28","guid":{"rendered":"https:\/\/www.eduardoleite.com\/?page_id=424"},"modified":"2023-01-19T21:38:48","modified_gmt":"2023-01-19T20:38:48","slug":"couple-photos","status":"publish","type":"page","link":"https:\/\/www.eduardoleite.com\/fr\/couple-photos\/","title":{"rendered":""},"content":{"rendered":"<div class=\"vce-row-container\"><div class=\"vce-row vce-row--col-gap-30 vce-row-content--top\" data-vce-full-width=\"true\" data-vce-stretch-content=\"true\" id=\"el-1b72ccbb\" data-vce-do-apply=\"all el-1b72ccbb\"><div class=\"vce-row-content\" data-vce-element-content=\"true\"><div class=\"vce-col vce-col--md-auto vce-col--xs-1 vce-col--xs-last vce-col--xs-first vce-col--sm-last vce-col--sm-first vce-col--md-last vce-col--lg-last vce-col--xl-last vce-col--md-first vce-col--lg-first vce-col--xl-first\" id=\"el-c7673d28\"><div class=\"vce-col-inner\" data-vce-do-apply=\"border margin background  el-c7673d28\"><div class=\"vce-col-content\" data-vce-element-content=\"true\" data-vce-do-apply=\"padding el-c7673d28\"><div class=\"vce-row-container\" data-vce-boxed-width=\"true\"><div class=\"vce-row vce-row--col-gap-30 vce-row-equal-height vce-row-content--top\" id=\"el-61da33f3\" data-vce-do-apply=\"all el-61da33f3\"><div class=\"vce-row-content\" data-vce-element-content=\"true\"><div class=\"vce-col vce-col--md-6p vce-col--xs-1 vce-col--xs-last vce-col--xs-first vce-col--sm-last vce-col--sm-first vce-col--md-first vce-col--lg-first vce-col--xl-first\" id=\"el-e1d30b12\"><div class=\"vce-col-inner\" data-vce-do-apply=\"border margin background  el-e1d30b12\"><div class=\"vce-col-content\" data-vce-element-content=\"true\" data-vce-do-apply=\"padding el-e1d30b12\"><div><\/div><\/div><\/div><\/div><div class=\"vce-col vce-col--md-88p vce-col--xs-1 vce-col--xs-last vce-col--xs-first vce-col--sm-last vce-col--sm-first\" id=\"el-860ef00b\"><div class=\"vce-col-inner\" data-vce-do-apply=\"border margin background  el-860ef00b\"><div class=\"vce-col-content\" data-vce-element-content=\"true\" data-vce-do-apply=\"padding el-860ef00b\"><div class=\"vce-text-block\"><div class=\"vce-text-block-wrapper vce\" id=\"el-6a54c327\" data-vce-do-apply=\"all el-6a54c327\"><p style=\"text-align: center;\">Vous recherchez une s\u00e9ance photo de couple, de fian\u00e7ailles ou de pr\u00e9-mariage ? L'amour est la meilleure raison pour une s\u00e9ance photo de couple. Je peux<span class=\"color_14\"> vous aider \u00e0 capturer des moments inoubliables. En photographiant de mani\u00e8re naturelle, quelques portraits et beaucoup de rires, vous pouvez simplement profiter de quelques moments ensemble tandis que je immortalise votre \"rendez-vous\" !<\/span><\/p><\/div><\/div><\/div><\/div><\/div><div class=\"vce-col vce-col--md-6p vce-col--xs-1 vce-col--xs-last vce-col--xs-first vce-col--sm-last vce-col--sm-first vce-col--md-last vce-col--lg-last vce-col--xl-last\" id=\"el-a9aeee48\"><div class=\"vce-col-inner\" data-vce-do-apply=\"border margin background  el-a9aeee48\"><div class=\"vce-col-content\" data-vce-element-content=\"true\" data-vce-do-apply=\"padding el-a9aeee48\"><div><\/div><\/div><\/div><\/div><\/div><\/div><\/div><div class=\"vce-image-masonry-gallery vce-image-masonry-gallery--border-rounded\"><div class=\"vce-image-masonry-gallery-wrapper vce vce-image-masonry-gallery--gap-7 vce-image-masonry-gallery--columns-5\" id=\"el-d0f1cb67\" data-vce-do-apply=\"all el-d0f1cb67\"><div class=\"vce-image-masonry-gallery-list\"><div class=\"vce-image-masonry-gallery-column\"><a href=\"https:\/\/www.eduardoleite.com\/wp-content\/uploads\/2022\/07\/video-21.jpg\" data-lightbox=\"lightbox-d0f1cb67\" class=\"vce-image-masonry-gallery-item\"><img decoding=\"async\" class=\"vce-image-masonry-gallery-img\" src=\"https:\/\/www.eduardoleite.com\/wp-content\/uploads\/2022\/07\/video-21.jpg\" alt=\"couple photo\"><\/a><\/div><div class=\"vce-image-masonry-gallery-column\"><a href=\"https:\/\/www.eduardoleite.com\/wp-content\/uploads\/2022\/07\/previa-28-Copia-scaled.jpg\" data-lightbox=\"lightbox-d0f1cb67\" class=\"vce-image-masonry-gallery-item\"><img decoding=\"async\" class=\"vce-image-masonry-gallery-img\" src=\"https:\/\/www.eduardoleite.com\/wp-content\/uploads\/2022\/07\/previa-28-Copia-scaled.jpg\" alt=\"couple photo\"><\/a><\/div><div class=\"vce-image-masonry-gallery-column\"><a href=\"https:\/\/www.eduardoleite.com\/wp-content\/uploads\/2022\/07\/img-53-scaled.jpg\" data-lightbox=\"lightbox-d0f1cb67\" class=\"vce-image-masonry-gallery-item\"><img decoding=\"async\" class=\"vce-image-masonry-gallery-img\" src=\"https:\/\/www.eduardoleite.com\/wp-content\/uploads\/2022\/07\/img-53-scaled.jpg\" alt=\"couple photo\"><\/a><\/div><div class=\"vce-image-masonry-gallery-column\"><a href=\"https:\/\/www.eduardoleite.com\/wp-content\/uploads\/2022\/07\/video-57.jpg\" data-lightbox=\"lightbox-d0f1cb67\" class=\"vce-image-masonry-gallery-item\"><img decoding=\"async\" class=\"vce-image-masonry-gallery-img\" src=\"https:\/\/www.eduardoleite.com\/wp-content\/uploads\/2022\/07\/video-57.jpg\" alt=\"couple photo\"><\/a><\/div><div class=\"vce-image-masonry-gallery-column\"><a href=\"https:\/\/www.eduardoleite.com\/wp-content\/uploads\/2022\/07\/video-60-Copia.jpg\" data-lightbox=\"lightbox-d0f1cb67\" class=\"vce-image-masonry-gallery-item\"><img decoding=\"async\" class=\"vce-image-masonry-gallery-img\" src=\"https:\/\/www.eduardoleite.com\/wp-content\/uploads\/2022\/07\/video-60-Copia.jpg\" alt=\"couple photo\"><\/a><\/div><\/div><\/div><\/div><div class=\"vce-image-masonry-gallery vce-image-masonry-gallery--border-rounded\"><div class=\"vce-image-masonry-gallery-wrapper vce vce-image-masonry-gallery--gap-7 vce-image-masonry-gallery--columns-6\" id=\"el-dcde2715\" data-vce-do-apply=\"all el-dcde2715\"><div class=\"vce-image-masonry-gallery-list\"><div class=\"vce-image-masonry-gallery-column\"><a href=\"https:\/\/www.eduardoleite.com\/wp-content\/uploads\/2022\/07\/img-100-scaled.jpg\" data-lightbox=\"lightbox-dcde2715\" class=\"vce-image-masonry-gallery-item\"><img decoding=\"async\" class=\"vce-image-masonry-gallery-img\" src=\"https:\/\/www.eduardoleite.com\/wp-content\/uploads\/2022\/07\/img-100-scaled.jpg\" alt=\"couple photo\"><\/a><a href=\"https:\/\/www.eduardoleite.com\/wp-content\/uploads\/2022\/07\/img-pq-23.jpg\" data-lightbox=\"lightbox-dcde2715\" class=\"vce-image-masonry-gallery-item\"><img decoding=\"async\" class=\"vce-image-masonry-gallery-img\" src=\"https:\/\/www.eduardoleite.com\/wp-content\/uploads\/2022\/07\/img-pq-23.jpg\" alt=\"couple photo\"><\/a><a href=\"https:\/\/www.eduardoleite.com\/wp-content\/uploads\/2022\/07\/previa-28-Copia-scaled.jpg\" data-lightbox=\"lightbox-dcde2715\" class=\"vce-image-masonry-gallery-item\"><img decoding=\"async\" class=\"vce-image-masonry-gallery-img\" src=\"https:\/\/www.eduardoleite.com\/wp-content\/uploads\/2022\/07\/previa-28-Copia-scaled.jpg\" alt=\"couple photo\"><\/a><a href=\"https:\/\/www.eduardoleite.com\/wp-content\/uploads\/2022\/07\/video-21.jpg\" data-lightbox=\"lightbox-dcde2715\" class=\"vce-image-masonry-gallery-item\"><img decoding=\"async\" class=\"vce-image-masonry-gallery-img\" src=\"https:\/\/www.eduardoleite.com\/wp-content\/uploads\/2022\/07\/video-21.jpg\" alt=\"couple photo\"><\/a><a href=\"https:\/\/www.eduardoleite.com\/wp-content\/uploads\/2022\/07\/video-63.jpg\" data-lightbox=\"lightbox-dcde2715\" class=\"vce-image-masonry-gallery-item\"><img decoding=\"async\" class=\"vce-image-masonry-gallery-img\" src=\"https:\/\/www.eduardoleite.com\/wp-content\/uploads\/2022\/07\/video-63.jpg\" alt=\"couple photo\"><\/a><\/div><div class=\"vce-image-masonry-gallery-column\"><a href=\"https:\/\/www.eduardoleite.com\/wp-content\/uploads\/2022\/07\/face-6.jpg\" data-lightbox=\"lightbox-dcde2715\" class=\"vce-image-masonry-gallery-item\"><img decoding=\"async\" class=\"vce-image-masonry-gallery-img\" src=\"https:\/\/www.eduardoleite.com\/wp-content\/uploads\/2022\/07\/face-6.jpg\" alt=\"couple photo 02\"><\/a><a href=\"https:\/\/www.eduardoleite.com\/wp-content\/uploads\/2022\/07\/img-130_Small.jpg\" data-lightbox=\"lightbox-dcde2715\" class=\"vce-image-masonry-gallery-item\"><img decoding=\"async\" class=\"vce-image-masonry-gallery-img\" src=\"https:\/\/www.eduardoleite.com\/wp-content\/uploads\/2022\/07\/img-130_Small.jpg\" alt=\"couple photo\"><\/a><a href=\"https:\/\/www.eduardoleite.com\/wp-content\/uploads\/2022\/07\/video-42.jpg\" data-lightbox=\"lightbox-dcde2715\" class=\"vce-image-masonry-gallery-item\"><img decoding=\"async\" class=\"vce-image-masonry-gallery-img\" src=\"https:\/\/www.eduardoleite.com\/wp-content\/uploads\/2022\/07\/video-42.jpg\" alt=\"couple photo\"><\/a><\/div><div class=\"vce-image-masonry-gallery-column\"><a href=\"https:\/\/www.eduardoleite.com\/wp-content\/uploads\/2022\/07\/img-8-1-scaled.jpg\" data-lightbox=\"lightbox-dcde2715\" class=\"vce-image-masonry-gallery-item\"><img decoding=\"async\" class=\"vce-image-masonry-gallery-img\" src=\"https:\/\/www.eduardoleite.com\/wp-content\/uploads\/2022\/07\/img-8-1-scaled.jpg\" alt=\"couple photo\"><\/a><a href=\"https:\/\/www.eduardoleite.com\/wp-content\/uploads\/2022\/07\/img-pq-59.jpg\" data-lightbox=\"lightbox-dcde2715\" class=\"vce-image-masonry-gallery-item\"><img decoding=\"async\" class=\"vce-image-masonry-gallery-img\" src=\"https:\/\/www.eduardoleite.com\/wp-content\/uploads\/2022\/07\/img-pq-59.jpg\" alt=\"couple photo\"><\/a><a href=\"https:\/\/www.eduardoleite.com\/wp-content\/uploads\/2022\/07\/previa-29-Copia-scaled.jpg\" data-lightbox=\"lightbox-dcde2715\" class=\"vce-image-masonry-gallery-item\"><img decoding=\"async\" class=\"vce-image-masonry-gallery-img\" src=\"https:\/\/www.eduardoleite.com\/wp-content\/uploads\/2022\/07\/previa-29-Copia-scaled.jpg\" alt=\"couple photo\"><\/a><a href=\"https:\/\/www.eduardoleite.com\/wp-content\/uploads\/2022\/07\/video-22.jpg\" data-lightbox=\"lightbox-dcde2715\" class=\"vce-image-masonry-gallery-item\"><img decoding=\"async\" class=\"vce-image-masonry-gallery-img\" src=\"https:\/\/www.eduardoleite.com\/wp-content\/uploads\/2022\/07\/video-22.jpg\" alt=\"couple photo\"><\/a><a href=\"https:\/\/www.eduardoleite.com\/wp-content\/uploads\/2022\/07\/video-111.jpg\" data-lightbox=\"lightbox-dcde2715\" class=\"vce-image-masonry-gallery-item\"><img decoding=\"async\" class=\"vce-image-masonry-gallery-img\" src=\"https:\/\/www.eduardoleite.com\/wp-content\/uploads\/2022\/07\/video-111.jpg\" alt=\"couple photo\"><\/a><\/div><div class=\"vce-image-masonry-gallery-column\"><a href=\"https:\/\/www.eduardoleite.com\/wp-content\/uploads\/2022\/07\/img-75-scaled.jpg\" data-lightbox=\"lightbox-dcde2715\" class=\"vce-image-masonry-gallery-item\"><img decoding=\"async\" class=\"vce-image-masonry-gallery-img\" src=\"https:\/\/www.eduardoleite.com\/wp-content\/uploads\/2022\/07\/img-75-scaled.jpg\" alt=\"couple photo\"><\/a><a href=\"https:\/\/www.eduardoleite.com\/wp-content\/uploads\/2022\/07\/img-pq-106.jpg\" data-lightbox=\"lightbox-dcde2715\" class=\"vce-image-masonry-gallery-item\"><img decoding=\"async\" class=\"vce-image-masonry-gallery-img\" src=\"https:\/\/www.eduardoleite.com\/wp-content\/uploads\/2022\/07\/img-pq-106.jpg\" alt=\"couple photo\"><\/a><a href=\"https:\/\/www.eduardoleite.com\/wp-content\/uploads\/2022\/07\/previa-32-scaled.jpg\" data-lightbox=\"lightbox-dcde2715\" class=\"vce-image-masonry-gallery-item\"><img decoding=\"async\" class=\"vce-image-masonry-gallery-img\" src=\"https:\/\/www.eduardoleite.com\/wp-content\/uploads\/2022\/07\/previa-32-scaled.jpg\" alt=\"couple photo\"><\/a><a href=\"https:\/\/www.eduardoleite.com\/wp-content\/uploads\/2022\/07\/video-31.jpg\" data-lightbox=\"lightbox-dcde2715\" class=\"vce-image-masonry-gallery-item\"><img decoding=\"async\" class=\"vce-image-masonry-gallery-img\" src=\"https:\/\/www.eduardoleite.com\/wp-content\/uploads\/2022\/07\/video-31.jpg\" alt=\"couple photo\"><\/a><a href=\"https:\/\/www.eduardoleite.com\/wp-content\/uploads\/2022\/07\/video-117.jpg\" data-lightbox=\"lightbox-dcde2715\" class=\"vce-image-masonry-gallery-item\"><img decoding=\"async\" class=\"vce-image-masonry-gallery-img\" src=\"https:\/\/www.eduardoleite.com\/wp-content\/uploads\/2022\/07\/video-117.jpg\" alt=\"couple photo\"><\/a><\/div><div class=\"vce-image-masonry-gallery-column\"><a href=\"https:\/\/www.eduardoleite.com\/wp-content\/uploads\/2022\/07\/img-83-scaled.jpg\" data-lightbox=\"lightbox-dcde2715\" class=\"vce-image-masonry-gallery-item\"><img decoding=\"async\" class=\"vce-image-masonry-gallery-img\" src=\"https:\/\/www.eduardoleite.com\/wp-content\/uploads\/2022\/07\/img-83-scaled.jpg\" alt=\"couple photo\"><\/a><a href=\"https:\/\/www.eduardoleite.com\/wp-content\/uploads\/2022\/07\/imgs-170.jpg\" data-lightbox=\"lightbox-dcde2715\" class=\"vce-image-masonry-gallery-item\"><img decoding=\"async\" class=\"vce-image-masonry-gallery-img\" src=\"https:\/\/www.eduardoleite.com\/wp-content\/uploads\/2022\/07\/imgs-170.jpg\" alt=\"couple photo\"><\/a><a href=\"https:\/\/www.eduardoleite.com\/wp-content\/uploads\/2022\/07\/previa-19-Copia.jpg\" data-lightbox=\"lightbox-dcde2715\" class=\"vce-image-masonry-gallery-item\"><img decoding=\"async\" class=\"vce-image-masonry-gallery-img\" src=\"https:\/\/www.eduardoleite.com\/wp-content\/uploads\/2022\/07\/previa-19-Copia.jpg\" alt=\"couple photo\"><\/a><a href=\"https:\/\/www.eduardoleite.com\/wp-content\/uploads\/2022\/07\/video-19.jpg\" data-lightbox=\"lightbox-dcde2715\" class=\"vce-image-masonry-gallery-item\"><img decoding=\"async\" class=\"vce-image-masonry-gallery-img\" src=\"https:\/\/www.eduardoleite.com\/wp-content\/uploads\/2022\/07\/video-19.jpg\" alt=\"couple photo\"><\/a><a href=\"https:\/\/www.eduardoleite.com\/wp-content\/uploads\/2022\/07\/video-60-Copia.jpg\" data-lightbox=\"lightbox-dcde2715\" class=\"vce-image-masonry-gallery-item\"><img decoding=\"async\" class=\"vce-image-masonry-gallery-img\" src=\"https:\/\/www.eduardoleite.com\/wp-content\/uploads\/2022\/07\/video-60-Copia.jpg\" alt=\"couple photo\"><\/a><\/div><div class=\"vce-image-masonry-gallery-column\"><a href=\"https:\/\/www.eduardoleite.com\/wp-content\/uploads\/2022\/07\/previa-5.jpg\" data-lightbox=\"lightbox-dcde2715\" class=\"vce-image-masonry-gallery-item\"><img decoding=\"async\" class=\"vce-image-masonry-gallery-img\" src=\"https:\/\/www.eduardoleite.com\/wp-content\/uploads\/2022\/07\/previa-5.jpg\" alt=\"couple photo\"><\/a><a href=\"https:\/\/www.eduardoleite.com\/wp-content\/uploads\/2022\/07\/face-41-de-68.jpg\" data-lightbox=\"lightbox-dcde2715\" class=\"vce-image-masonry-gallery-item\"><img decoding=\"async\" class=\"vce-image-masonry-gallery-img\" src=\"https:\/\/www.eduardoleite.com\/wp-content\/uploads\/2022\/07\/face-41-de-68.jpg\" alt=\"couple photo 01\"><\/a><a href=\"https:\/\/www.eduardoleite.com\/wp-content\/uploads\/2022\/07\/previa-8-Copia.jpg\" data-lightbox=\"lightbox-dcde2715\" class=\"vce-image-masonry-gallery-item\"><img decoding=\"async\" class=\"vce-image-masonry-gallery-img\" src=\"https:\/\/www.eduardoleite.com\/wp-content\/uploads\/2022\/07\/previa-8-Copia.jpg\" alt=\"couple photo\"><\/a><a href=\"https:\/\/www.eduardoleite.com\/wp-content\/uploads\/2022\/07\/video-5-2.jpg\" data-lightbox=\"lightbox-dcde2715\" class=\"vce-image-masonry-gallery-item\"><img decoding=\"async\" class=\"vce-image-masonry-gallery-img\" src=\"https:\/\/www.eduardoleite.com\/wp-content\/uploads\/2022\/07\/video-5-2.jpg\" alt=\"couple photo\"><\/a><a href=\"https:\/\/www.eduardoleite.com\/wp-content\/uploads\/2022\/07\/video-57.jpg\" data-lightbox=\"lightbox-dcde2715\" class=\"vce-image-masonry-gallery-item\"><img decoding=\"async\" class=\"vce-image-masonry-gallery-img\" src=\"https:\/\/www.eduardoleite.com\/wp-content\/uploads\/2022\/07\/video-57.jpg\" alt=\"couple photo\"><\/a><\/div><\/div><\/div><\/div><\/div><\/div><\/div><\/div><\/div><\/div><div class=\"vce-row-container\" data-vce-boxed-width=\"true\"><div class=\"vce-row vce-row--col-gap-30 vce-row-equal-height vce-row-content--top\" id=\"el-8da6dca4\" data-vce-do-apply=\"all el-8da6dca4\"><div class=\"vce-row-content\" data-vce-element-content=\"true\"><div class=\"vce-col vce-col--md-auto vce-col--xs-1 vce-col--xs-last vce-col--xs-first vce-col--sm-last vce-col--sm-first vce-col--md-last vce-col--lg-last vce-col--xl-last vce-col--md-first vce-col--lg-first vce-col--xl-first\" id=\"el-7563e45e\"><div class=\"vce-col-inner\" data-vce-do-apply=\"border margin background  el-7563e45e\"><div class=\"vce-col-content\" data-vce-element-content=\"true\" data-vce-do-apply=\"padding el-7563e45e\"><div><\/div><\/div><\/div><\/div><\/div><\/div><\/div>","protected":false},"excerpt":{"rendered":"<p>Looking for a couple, engagement or pre-wedding shoot? Love is the best reason for a couple photo session. I can&hellip; <a class=\"read-more\" href=\"https:\/\/www.eduardoleite.com\/fr\/couple-photos\/\">Lire la suite <span class=\"screen-reader-text\"><\/span><\/a><\/p>","protected":false},"author":1,"featured_media":0,"parent":0,"menu_order":0,"comment_status":"closed","ping_status":"closed","template":"","meta":{"_monsterinsights_skip_tracking":false,"_monsterinsights_sitenote_active":false,"_monsterinsights_sitenote_note":"","_monsterinsights_sitenote_category":0,"footnotes":""},"class_list":["post-424","page","type-page","status-publish","hentry"],"yoast_head":"<!-- This site is optimized with the Yoast SEO plugin v26.5 - https:\/\/yoast.com\/wordpress\/plugins\/seo\/ -->\n<title>Couples &#8211; Geneva Photographer - Eduardo Leite<\/title>\n<meta name=\"description\" content=\"Family, portrait or lifestyle photo sessions that can take place either outdoors or at you home. Capture the moments of your life forever.\" \/>\n<meta name=\"robots\" content=\"index, follow, max-snippet:-1, max-image-preview:large, max-video-preview:-1\" \/>\n<link rel=\"canonical\" href=\"https:\/\/www.eduardoleite.com\/fr\/couple-photos\/\" \/>\n<meta property=\"og:locale\" content=\"fr_FR\" \/>\n<meta property=\"og:type\" content=\"article\" \/>\n<meta property=\"og:title\" content=\"Couples &#8211; Geneva Photographer - Eduardo Leite\" \/>\n<meta property=\"og:description\" content=\"Family, portrait or lifestyle photo sessions that can take place either outdoors or at you home. Capture the moments of your life forever.\" \/>\n<meta property=\"og:url\" content=\"https:\/\/www.eduardoleite.com\/fr\/couple-photos\/\" \/>\n<meta property=\"og:site_name\" content=\"Geneva Photographer - Eduardo Leite\" \/>\n<meta property=\"article:modified_time\" content=\"2023-01-19T20:38:48+00:00\" \/>\n<meta name=\"twitter:card\" content=\"summary_large_image\" \/>\n<script type=\"application\/ld+json\" class=\"yoast-schema-graph\">{\"@context\":\"https:\/\/schema.org\",\"@graph\":[{\"@type\":\"WebPage\",\"@id\":\"https:\/\/www.eduardoleite.com\/couple-photos\/\",\"url\":\"https:\/\/www.eduardoleite.com\/couple-photos\/\",\"name\":\"Couples &#8211; Geneva Photographer - Eduardo Leite\",\"isPartOf\":{\"@id\":\"https:\/\/www.eduardoleite.com\/#website\"},\"datePublished\":\"2022-07-18T13:09:28+00:00\",\"dateModified\":\"2023-01-19T20:38:48+00:00\",\"description\":\"Family, portrait or lifestyle photo sessions that can take place either outdoors or at you home. Capture the moments of your life forever.\",\"breadcrumb\":{\"@id\":\"https:\/\/www.eduardoleite.com\/couple-photos\/#breadcrumb\"},\"inLanguage\":\"fr-FR\",\"potentialAction\":[{\"@type\":\"ReadAction\",\"target\":[\"https:\/\/www.eduardoleite.com\/couple-photos\/\"]}]},{\"@type\":\"BreadcrumbList\",\"@id\":\"https:\/\/www.eduardoleite.com\/couple-photos\/#breadcrumb\",\"itemListElement\":[{\"@type\":\"ListItem\",\"position\":1,\"name\":\"Home\",\"item\":\"https:\/\/www.eduardoleite.com\/\"},{\"@type\":\"ListItem\",\"position\":2,\"name\":\"Couples\"}]},{\"@type\":\"WebSite\",\"@id\":\"https:\/\/www.eduardoleite.com\/#website\",\"url\":\"https:\/\/www.eduardoleite.com\/\",\"name\":\"Geneva Photographer - Eduardo Leite\",\"description\":\"Photography Services\",\"potentialAction\":[{\"@type\":\"SearchAction\",\"target\":{\"@type\":\"EntryPoint\",\"urlTemplate\":\"https:\/\/www.eduardoleite.com\/?s={search_term_string}\"},\"query-input\":{\"@type\":\"PropertyValueSpecification\",\"valueRequired\":true,\"valueName\":\"search_term_string\"}}],\"inLanguage\":\"fr-FR\"}]}<\/script>\n<!-- \/ Yoast SEO plugin. -->","yoast_head_json":{"title":"Couples &#8211; Geneva Photographer - Eduardo Leite","description":"S\u00e9ances photo de famille, de portrait ou de style de vie qui peuvent avoir lieu en plein air ou chez vous. Capturez les moments de votre vie pour toujours.","robots":{"index":"index","follow":"follow","max-snippet":"max-snippet:-1","max-image-preview":"max-image-preview:large","max-video-preview":"max-video-preview:-1"},"canonical":"https:\/\/www.eduardoleite.com\/fr\/couple-photos\/","og_locale":"fr_FR","og_type":"article","og_title":"Couples &#8211; Geneva Photographer - Eduardo Leite","og_description":"Family, portrait or lifestyle photo sessions that can take place either outdoors or at you home. Capture the moments of your life forever.","og_url":"https:\/\/www.eduardoleite.com\/fr\/couple-photos\/","og_site_name":"Geneva Photographer - Eduardo Leite","article_modified_time":"2023-01-19T20:38:48+00:00","twitter_card":"summary_large_image","schema":{"@context":"https:\/\/schema.org","@graph":[{"@type":"WebPage","@id":"https:\/\/www.eduardoleite.com\/couple-photos\/","url":"https:\/\/www.eduardoleite.com\/couple-photos\/","name":"Couples &#8211; Geneva Photographer - Eduardo Leite","isPartOf":{"@id":"https:\/\/www.eduardoleite.com\/#website"},"datePublished":"2022-07-18T13:09:28+00:00","dateModified":"2023-01-19T20:38:48+00:00","description":"S\u00e9ances photo de famille, de portrait ou de style de vie qui peuvent avoir lieu en plein air ou chez vous. Capturez les moments de votre vie pour toujours.","breadcrumb":{"@id":"https:\/\/www.eduardoleite.com\/couple-photos\/#breadcrumb"},"inLanguage":"fr-FR","potentialAction":[{"@type":"ReadAction","target":["https:\/\/www.eduardoleite.com\/couple-photos\/"]}]},{"@type":"BreadcrumbList","@id":"https:\/\/www.eduardoleite.com\/couple-photos\/#breadcrumb","itemListElement":[{"@type":"ListItem","position":1,"name":"Home","item":"https:\/\/www.eduardoleite.com\/"},{"@type":"ListItem","position":2,"name":"Couples"}]},{"@type":"WebSite","@id":"https:\/\/www.eduardoleite.com\/#website","url":"https:\/\/www.eduardoleite.com\/","name":"Geneva Photographer - Eduardo Leite","description":"Photography Services","potentialAction":[{"@type":"SearchAction","target":{"@type":"EntryPoint","urlTemplate":"https:\/\/www.eduardoleite.com\/?s={search_term_string}"},"query-input":{"@type":"PropertyValueSpecification","valueRequired":true,"valueName":"search_term_string"}}],"inLanguage":"fr-FR"}]}},"_links":{"self":[{"href":"https:\/\/www.eduardoleite.com\/fr\/wp-json\/wp\/v2\/pages\/424","targetHints":{"allow":["GET"]}}],"collection":[{"href":"https:\/\/www.eduardoleite.com\/fr\/wp-json\/wp\/v2\/pages"}],"about":[{"href":"https:\/\/www.eduardoleite.com\/fr\/wp-json\/wp\/v2\/types\/page"}],"author":[{"embeddable":true,"href":"https:\/\/www.eduardoleite.com\/fr\/wp-json\/wp\/v2\/users\/1"}],"replies":[{"embeddable":true,"href":"https:\/\/www.eduardoleite.com\/fr\/wp-json\/wp\/v2\/comments?post=424"}],"version-history":[{"count":9,"href":"https:\/\/www.eduardoleite.com\/fr\/wp-json\/wp\/v2\/pages\/424\/revisions"}],"predecessor-version":[{"id":540,"href":"https:\/\/www.eduardoleite.com\/fr\/wp-json\/wp\/v2\/pages\/424\/revisions\/540"}],"wp:attachment":[{"href":"https:\/\/www.eduardoleite.com\/fr\/wp-json\/wp\/v2\/media?parent=424"}],"curies":[{"name":"wp","href":"https:\/\/api.w.org\/{rel}","templated":true}]}}